{"id":106,"date":"2022-10-04T22:42:11","date_gmt":"2022-10-04T20:42:11","guid":{"rendered":"https:\/\/developpement.nokturnes.fr\/?page_id=106"},"modified":"2022-10-04T22:42:11","modified_gmt":"2022-10-04T20:42:11","slug":"festival-concert","status":"publish","type":"page","link":"https:\/\/developpement.nokturnes.fr\/?page_id=106","title":{"rendered":"Festival \/ Concert"},"content":{"rendered":"\n<p>Agr\u00e9mentez votre \u00e9v\u00e9nement en incluant une sonorisation et un \u00e9clairage de qualit\u00e9.<\/p>\n\n\n\n<p>Nous d\u00e9finirons ensemble le cahier des charges adapt\u00e9 \u00e0 la jauge, que vous receviez quelques amis ou 4000 personnes&nbsp;<small>(voir plus)<\/small>&nbsp;et \u00e0 la localisation.<\/p>\n\n\n\n<p>Nous \u00e9tablirons ensemble un r\u00e9troplanning de l\u2019installation et un suivi des fiches techniques demand\u00e9es par les artistes.<\/p>\n\n\n\n<p>Un \u00e9clairage du lieu peut \u00eatre r\u00e9alis\u00e9.<\/p>\n","protected":false},"excerpt":{"rendered":"<p>Agr\u00e9mentez votre \u00e9v\u00e9nement en incluant une sonorisation et un \u00e9clairage de qualit\u00e9. Nous d\u00e9finirons ensemble le cahier des charges adapt\u00e9 \u00e0 la jauge, que vous receviez quelques amis ou 4000 personnes&nbsp;(voir plus)&nbsp;et \u00e0 la localisation. Nous \u00e9tablirons ensemble un r\u00e9troplanning de l\u2019installation et un suivi des fiches techniques demand\u00e9es par les artistes. Un \u00e9clairage du &#8230; <a title=\"Festival \/ Concert\" class=\"read-more\" href=\"https:\/\/developpement.nokturnes.fr\/?page_id=106\" aria-label=\"Read more about Festival \/ Concert\">Lire la suite<\/a><\/p>\n","protected":false},"author":1,"featured_media":0,"parent":0,"menu_order":0,"comment_status":"closed","ping_status":"closed","template":"","meta":{"footnotes":""},"class_list":["post-106","page","type-page","status-publish"],"_links":{"self":[{"href":"https:\/\/developpement.nokturnes.fr\/index.php?rest_route=\/wp\/v2\/pages\/106","targetHints":{"allow":["GET"]}}],"collection":[{"href":"https:\/\/developpement.nokturnes.fr\/index.php?rest_route=\/wp\/v2\/pages"}],"about":[{"href":"https:\/\/developpement.nokturnes.fr\/index.php?rest_route=\/wp\/v2\/types\/page"}],"author":[{"embeddable":true,"href":"https:\/\/developpement.nokturnes.fr\/index.php?rest_route=\/wp\/v2\/users\/1"}],"replies":[{"embeddable":true,"href":"https:\/\/developpement.nokturnes.fr\/index.php?rest_route=%2Fwp%2Fv2%2Fcomments&post=106"}],"version-history":[{"count":1,"href":"https:\/\/developpement.nokturnes.fr\/index.php?rest_route=\/wp\/v2\/pages\/106\/revisions"}],"predecessor-version":[{"id":107,"href":"https:\/\/developpement.nokturnes.fr\/index.php?rest_route=\/wp\/v2\/pages\/106\/revisions\/107"}],"wp:attachment":[{"href":"https:\/\/developpement.nokturnes.fr\/index.php?rest_route=%2Fwp%2Fv2%2Fmedia&parent=106"}],"curies":[{"name":"wp","href":"https:\/\/api.w.org\/{rel}","templated":true}]}}