{"id":129,"date":"2022-10-04T23:38:31","date_gmt":"2022-10-04T21:38:31","guid":{"rendered":"https:\/\/developpement.nokturnes.fr\/?page_id=129"},"modified":"2022-10-04T23:41:17","modified_gmt":"2022-10-04T21:41:17","slug":"partyfi","status":"publish","type":"page","link":"https:\/\/developpement.nokturnes.fr\/?page_id=129","title":{"rendered":"Partyfi"},"content":{"rendered":"\n<ul class=\"wp-block-list\"><li><strong>Pr\u00e9sentation :<br><\/strong>La Box PartyFi est une r\u00e9volution dans le monde de l\u2019animation. Acc\u00e9dez \u00e0 un r\u00e9seau social enti\u00e8rement priv\u00e9, en vous connectant uniquement en WiFi sans applications ni acc\u00e8s internet ! Publiez en direct vos selfies, photos, vid\u00e9os et messages sur \u00e9cran g\u00e9ant et le fil d\u2019actualit\u00e9 de votre \u00e9v\u00e9nement !<br>Quizz, mini jeux, Buzzer et plein d\u2019autre choses \u00e0 faire en simultan\u00e9e avec tous vos invit\u00e9s !<ul><li>Partage de m\u00e9dias sur \u00e9cran g\u00e9ant et smartphones (photos, vid\u00e9os, messages et commentaires)<\/li><li>Mini-jeux, Quizz, Votes et Buzzer<\/li><li>Profil personnel et messagerie priv\u00e9e<\/li><li>Karaok\u00e9 et musique \u00e0 la demande<\/li><li>Pr\u00e9sentez vos power points en incluant les questions du public !L\u2019interface est simple et \u00e9pur\u00e9e ! Inspir\u00e9e de celles des r\u00e9seaux sociaux, l\u2019interface est famili\u00e8re.<\/li><\/ul><\/li><li><strong>Mode d\u2019emploi :<br><\/strong>Simple, rapide, efficace et autonome, il vous suffit d\u2019alimenter la box, de la relier \u00e0 un ou plusieurs \u00e9crans, et vous \u00eates pr\u00eats \u00e0 f\u00e9d\u00e9rer une salle enti\u00e8re en pilotage automatique.<br>Pour vos invit\u00e9s, ils n\u2019auront qu\u2019\u00e0 se connecter sur le r\u00e9seau wifi \u00ab\u00a0PartyFi\u00a0\u00bb diffus\u00e9 en local par la box pour acc\u00e9der aux flux d\u2019actualit\u00e9 et autres fonctionnalit\u00e9s.<\/li><li><strong>Quantit\u00e9 :<br><\/strong>Vous pouvez poster autant de contenu que vous le souhaitez ! Tous vous seras remis \u00e0 la fin de la prestation sur cl\u00e9 USB et\/ou h\u00e9berger sur notre site avec un acc\u00e8s priv\u00e9 par mot de passe.<\/li><li><strong>Dur\u00e9e :<br><\/strong>Vous avez la possibilit\u00e9 d\u2019utiliser la box PartyFi tout au long de votre \u00e9v\u00e9nement.<\/li><li><strong>S\u00e9curit\u00e9 :<br><\/strong>La box poss\u00e8de un mode de mod\u00e9ration si vous souhaitez contr\u00f4ler le contenu qui sera diffus\u00e9. De plus le mot de passe du r\u00e9seau WiFi peut-\u00eatre s\u00e9curis\u00e9 afin d\u2019\u00e9viter aux intrus d\u2019acc\u00e9der au fil d\u2019actualit\u00e9 de la box et de poster du contenu.<\/li><\/ul>\n\n\n\n<div class=\"wp-block-columns is-layout-flex wp-container-core-columns-is-layout-9d6595d7 wp-block-columns-is-layout-flex\">\n<div class=\"wp-block-column is-layout-flow wp-block-column-is-layout-flow\"><div class=\"wp-block-image\">\n<figure class=\"aligncenter size-full\"><img loading=\"lazy\" decoding=\"async\" width=\"122\" height=\"238\" src=\"https:\/\/developpement.nokturnes.fr\/wp-content\/uploads\/2022\/10\/image.png\" alt=\"\" class=\"wp-image-130\"\/><figcaption>Publication sur \u00e9cran g\u00e9ant<br><br><\/figcaption><\/figure>\n<\/div><\/div>\n\n\n\n<div class=\"wp-block-column is-layout-flow wp-block-column-is-layout-flow\"><div class=\"wp-block-image\">\n<figure class=\"aligncenter size-full\"><img loading=\"lazy\" decoding=\"async\" width=\"122\" height=\"238\" src=\"https:\/\/developpement.nokturnes.fr\/wp-content\/uploads\/2022\/10\/image-1.png\" alt=\"\" class=\"wp-image-131\"\/><figcaption>Fil d&rsquo;actualit\u00e9<br><br><\/figcaption><\/figure>\n<\/div><\/div>\n\n\n\n<div class=\"wp-block-column is-layout-flow wp-block-column-is-layout-flow\"><div class=\"wp-block-image\">\n<figure class=\"aligncenter size-full\"><img loading=\"lazy\" decoding=\"async\" width=\"122\" height=\"238\" src=\"https:\/\/developpement.nokturnes.fr\/wp-content\/uploads\/2022\/10\/image-2.png\" alt=\"\" class=\"wp-image-132\"\/><figcaption>Quiz, jeux, d\u00e9fis&#8230;<br><br><\/figcaption><\/figure>\n<\/div><\/div>\n<\/div>\n","protected":false},"excerpt":{"rendered":"<p>Pr\u00e9sentation :La Box PartyFi est une r\u00e9volution dans le monde de l\u2019animation. Acc\u00e9dez \u00e0 un r\u00e9seau social enti\u00e8rement priv\u00e9, en vous connectant uniquement en WiFi sans applications ni acc\u00e8s internet ! Publiez en direct vos selfies, photos, vid\u00e9os et messages sur \u00e9cran g\u00e9ant et le fil d\u2019actualit\u00e9 de votre \u00e9v\u00e9nement !Quizz, mini jeux, Buzzer et &#8230; <a title=\"Partyfi\" class=\"read-more\" href=\"https:\/\/developpement.nokturnes.fr\/?page_id=129\" aria-label=\"Read more about Partyfi\">Lire la suite<\/a><\/p>\n","protected":false},"author":1,"featured_media":0,"parent":0,"menu_order":0,"comment_status":"closed","ping_status":"closed","template":"","meta":{"footnotes":""},"class_list":["post-129","page","type-page","status-publish"],"_links":{"self":[{"href":"https:\/\/developpement.nokturnes.fr\/index.php?rest_route=\/wp\/v2\/pages\/129","targetHints":{"allow":["GET"]}}],"collection":[{"href":"https:\/\/developpement.nokturnes.fr\/index.php?rest_route=\/wp\/v2\/pages"}],"about":[{"href":"https:\/\/developpement.nokturnes.fr\/index.php?rest_route=\/wp\/v2\/types\/page"}],"author":[{"embeddable":true,"href":"https:\/\/developpement.nokturnes.fr\/index.php?rest_route=\/wp\/v2\/users\/1"}],"replies":[{"embeddable":true,"href":"https:\/\/developpement.nokturnes.fr\/index.php?rest_route=%2Fwp%2Fv2%2Fcomments&post=129"}],"version-history":[{"count":3,"href":"https:\/\/developpement.nokturnes.fr\/index.php?rest_route=\/wp\/v2\/pages\/129\/revisions"}],"predecessor-version":[{"id":135,"href":"https:\/\/developpement.nokturnes.fr\/index.php?rest_route=\/wp\/v2\/pages\/129\/revisions\/135"}],"wp:attachment":[{"href":"https:\/\/developpement.nokturnes.fr\/index.php?rest_route=%2Fwp%2Fv2%2Fmedia&parent=129"}],"curies":[{"name":"wp","href":"https:\/\/api.w.org\/{rel}","templated":true}]}}