{"id":138,"date":"2022-10-17T21:26:58","date_gmt":"2022-10-17T19:26:58","guid":{"rendered":"https:\/\/developpement.nokturnes.fr\/?page_id=138"},"modified":"2022-10-17T21:26:58","modified_gmt":"2022-10-17T19:26:58","slug":"temoignages","status":"publish","type":"page","link":"https:\/\/developpement.nokturnes.fr\/?page_id=138","title":{"rendered":"T\u00e9moignages"},"content":{"rendered":"<div class=\"gwolle-gb\"><div class=\"gwolle_gb_messages_top_container\"><\/div>\n\t\t\t<div class=\"gwolle-gb-write-button\">\n\t\t\t\t<input type=\"button\" name=\"gwolle-gb-write-button\" class=\"button btn btn-default \" value=\"\u00c9crire un nouveau message.\" \/>\n\t\t\t<\/div>\n\t\t\t<form action=\"#\" method=\"POST\" class=\"gwolle-gb-write gwolle-gb-hide gwolle-gb-float gwolle_gb_form_ajax gwolle-gb-form-ajax gwolle-gb-ajax gwolle-gb-not-logged-in\">\n\t\t\t\t<h3>\u00c9crivez un nouveau message dans le livre d\u2019or<\/h3>\n\t\t\t\t<button type=\"button\" class=\"gb-notice-dismiss\">x<span class=\"screen-reader-text\">Masquer ce formulaire.<\/span><\/button>\n\t\t\t\n\t\t\t\t<input type=\"hidden\" name=\"gwolle_gb_function\" class=\"gwolle_gb_function\" value=\"add_entry\" \/><input type=\"hidden\" name=\"gwolle_gb_book_id\" class=\"gwolle_gb_book_id\" value=\"1\" \/><div class=\"gwolle_gb_3b0b91c2d54d70f5d8db6ac543cc6919\">\n\t\t\t\t<div class=\"label\"><label for=\"gwolle_gb_3b0b91c2d54d70f5d8db6ac543cc6919\" class=\"text-info\">Nom <span class=\"required\">*<\/span><\/label><\/div>\n\t\t\t\t<div class=\"input\"><input class=\"wp-exclude-emoji gwolle_gb_3b0b91c2d54d70f5d8db6ac543cc6919\" value=\"\" type=\"text\" name=\"gwolle_gb_3b0b91c2d54d70f5d8db6ac543cc6919\" required \/><\/div>\n\t\t\t\t<div class=\"clearBoth\">&nbsp;<\/div>\n\t\t\t<\/div><div class=\"gwolle_gb_7f18fab4a34e934bfb1ab8f0a4d58aa4\">\n\t\t\t\t\t<div class=\"label\"><label for=\"gwolle_gb_7f18fab4a34e934bfb1ab8f0a4d58aa4\" class=\"text-info\">Ville<\/label><\/div>\n\t\t\t\t\t<div class=\"input\"><input class=\"wp-exclude-emoji gwolle_gb_7f18fab4a34e934bfb1ab8f0a4d58aa4\" value=\"\" type=\"text\" name=\"gwolle_gb_7f18fab4a34e934bfb1ab8f0a4d58aa4\" \/><\/div>\n\t\t\t\t\t<div class=\"clearBoth\">&nbsp;<\/div>\n\t\t\t\t<\/div><div class=\"gwolle_gb_1f343cef989f391b78712d7147f52ba8\">\n\t\t\t\t<div class=\"label\"><label for=\"gwolle_gb_1f343cef989f391b78712d7147f52ba8\" class=\"text-info\">E-mail <span class=\"required\">*<\/span><\/label><\/div>\n\t\t\t\t<div class=\"input\"><input class=\"gwolle_gb_1f343cef989f391b78712d7147f52ba8\" value=\"\" type=\"email\" name=\"gwolle_gb_1f343cef989f391b78712d7147f52ba8\" required \/><\/div>\n\t\t\t\t<div class=\"clearBoth\">&nbsp;<\/div>\n\t\t\t<\/div>\n\t\t\t<div class=\"gwolle_gb_54b491fd36185acd09990039b864feb4\" style=\"display:none;overflow:hidden;\">\n\t\t\t\t<div class=\"label\">\n\t\t\t\t\t<label for=\"gwolle_gb_54b491fd36185acd09990039b864feb4\" class=\"text-primary\">Ne touchez pas \u00e0 ceci<\/label>\n\t\t\t\t\t<label for=\"gwolle_gb_7d4b9aaf2207f26960adde6633931f8a\" class=\"text-primary\">Ne touchez pas \u00e0 ceci<\/label>\n\t\t\t\t<\/div>\n\t\t\t\t<div class=\"input\">\n\t\t\t\t\t<input value=\"33\" type=\"text\" name=\"gwolle_gb_54b491fd36185acd09990039b864feb4\" class=\"gwolle_gb_54b491fd36185acd09990039b864feb4\" style=\"transform: translateY(10000px);\" \/>\n\t\t\t\t\t<input value=\"\" type=\"text\" name=\"gwolle_gb_7d4b9aaf2207f26960adde6633931f8a\" class=\"gwolle_gb_7d4b9aaf2207f26960adde6633931f8a\" style=\"transform: translateY(10000px);\" \/>\n\t\t\t\t<\/div>\n\t\t\t\t<div class=\"clearBoth\"><\/div>\n\t\t\t<\/div>\n\t\t\t<div class=\"gwolle_gb_4935cc49bead923e29c57721a01bd21b\" style=\"display:none;overflow:hidden;\">\n\t\t\t\t<div class=\"label\">\n\t\t\t\t\t<label for=\"gwolle_gb_4935cc49bead923e29c57721a01bd21b\" class=\"text-primary\">Ne touchez pas \u00e0 ceci<\/label>\n\t\t\t\t\t<label for=\"gwolle_gb_bdaefecc8d7b7f4b07b244ec92c322f5\" class=\"text-primary\">Ne touchez pas \u00e0 ceci<\/label>\n\t\t\t\t<\/div>\n\t\t\t\t<div class=\"input\">\n\t\t\t\t\t<input value=\"20882\" type=\"text\" name=\"gwolle_gb_4935cc49bead923e29c57721a01bd21b\" class=\"gwolle_gb_4935cc49bead923e29c57721a01bd21b\" style=\"transform: translateY(10000px);\" \/>\n\t\t\t\t\t<input value=\"20882\" type=\"text\" name=\"gwolle_gb_bdaefecc8d7b7f4b07b244ec92c322f5\" class=\"gwolle_gb_bdaefecc8d7b7f4b07b244ec92c322f5\" style=\"transform: translateY(10000px);\" \/>\n\t\t\t\t<\/div>\n\t\t\t\t<div class=\"clearBoth\"><\/div>\n\t\t\t<\/div><div class=\"gwolle_gb_content\">\n\t\t\t\t<div class=\"label\"><label for=\"gwolle_gb_content\" class=\"text-info\">Message du livre d\u2019or <span class=\"required\">*<\/span><\/label><\/div>\n\t\t\t\t<div class=\"input\"><textarea name=\"gwolle_gb_content\" class=\"gwolle_gb_content wp-exclude-emoji\" required ><\/textarea><div class=\"gwolle_gb_emoji gwolle-gb-hide\">\n\t\t<a title=\"\ud83d\ude04\" class=\"gwolle_gb_emoji_1 noslimstat\">\ud83d\ude04<\/a>\n\t\t<a title=\"\ud83d\ude03\" class=\"gwolle_gb_emoji_2 noslimstat\">\ud83d\ude03<\/a>\n\t\t<a title=\"\ud83d\ude09\" class=\"gwolle_gb_emoji_3 noslimstat\">\ud83d\ude09<\/a>\n\t\t<a title=\"\ud83d\ude0a\" class=\"gwolle_gb_emoji_4 noslimstat\">\ud83d\ude0a<\/a>\n\t\t<a title=\"\ud83d\ude1a\" class=\"gwolle_gb_emoji_5 noslimstat\">\ud83d\ude1a<\/a>\n\t\t<a title=\"\ud83d\ude17\" class=\"gwolle_gb_emoji_6 noslimstat\">\ud83d\ude17<\/a>\n\t\t<a title=\"\ud83d\ude1c\" class=\"gwolle_gb_emoji_7 noslimstat\">\ud83d\ude1c<\/a>\n\t\t<a title=\"\ud83d\ude1b\" class=\"gwolle_gb_emoji_8 noslimstat\">\ud83d\ude1b<\/a>\n\t\t<a title=\"\ud83d\ude33\" class=\"gwolle_gb_emoji_9 noslimstat\">\ud83d\ude33<\/a>\n\t\t<a title=\"\ud83d\ude01\" class=\"gwolle_gb_emoji_10 noslimstat\">\ud83d\ude01<\/a>\n\t\t<a title=\"\ud83d\ude2c\" class=\"gwolle_gb_emoji_11 noslimstat\">\ud83d\ude2c<\/a>\n\t\t<a title=\"\ud83d\ude0c\" class=\"gwolle_gb_emoji_12 noslimstat\">\ud83d\ude0c<\/a>\n\t\t<a title=\"\ud83d\ude1e\" class=\"gwolle_gb_emoji_13 noslimstat\">\ud83d\ude1e<\/a>\n\t\t<a title=\"\ud83d\ude18\" class=\"gwolle_gb_emoji_14 noslimstat\">\ud83d\ude18<\/a>\n\t\t<a title=\"\ud83d\ude0d\" class=\"gwolle_gb_emoji_15 noslimstat\">\ud83d\ude0d<\/a>\n\t\t<a title=\"\ud83d\ude22\" class=\"gwolle_gb_emoji_16 noslimstat\">\ud83d\ude22<\/a>\n\t\t<a title=\"\ud83d\ude02\" class=\"gwolle_gb_emoji_17 noslimstat\">\ud83d\ude02<\/a>\n\t\t<a title=\"\ud83d\ude2d\" class=\"gwolle_gb_emoji_18 noslimstat\">\ud83d\ude2d<\/a>\n\t\t<a title=\"\ud83d\ude05\" class=\"gwolle_gb_emoji_19 noslimstat\">\ud83d\ude05<\/a>\n\t\t<a title=\"\ud83d\ude13\" class=\"gwolle_gb_emoji_20 noslimstat\">\ud83d\ude13<\/a>\n\t\t<a title=\"\ud83d\ude29\" class=\"gwolle_gb_emoji_21 noslimstat\">\ud83d\ude29<\/a>\n\t\t<a title=\"\ud83d\ude2e\" class=\"gwolle_gb_emoji_22 noslimstat\">\ud83d\ude2e<\/a>\n\t\t<a title=\"\ud83d\ude31\" class=\"gwolle_gb_emoji_23 noslimstat\">\ud83d\ude31<\/a>\n\t\t<a title=\"\ud83d\ude20\" class=\"gwolle_gb_emoji_24 noslimstat\">\ud83d\ude20<\/a>\n\t\t<a title=\"\ud83d\ude21\" class=\"gwolle_gb_emoji_25 noslimstat\">\ud83d\ude21<\/a>\n\t\t<a title=\"\ud83d\ude24\" class=\"gwolle_gb_emoji_26 noslimstat\">\ud83d\ude24<\/a>\n\t\t<a title=\"\ud83d\ude0b\" class=\"gwolle_gb_emoji_27 noslimstat\">\ud83d\ude0b<\/a>\n\t\t<a title=\"\ud83d\ude0e\" class=\"gwolle_gb_emoji_28 noslimstat\">\ud83d\ude0e<\/a>\n\t\t<a title=\"\ud83d\ude34\" class=\"gwolle_gb_emoji_29 noslimstat\">\ud83d\ude34<\/a>\n\t\t<a title=\"\ud83d\ude08\" class=\"gwolle_gb_emoji_30 noslimstat\">\ud83d\ude08<\/a>\n\t\t<a title=\"\ud83d\ude07\" class=\"gwolle_gb_emoji_31 noslimstat\">\ud83d\ude07<\/a>\n\t\t<a title=\"\ud83d\ude15\" class=\"gwolle_gb_emoji_32 noslimstat\">\ud83d\ude15<\/a>\n\t\t<a title=\"\ud83d\ude0f\" class=\"gwolle_gb_emoji_33 noslimstat\">\ud83d\ude0f<\/a>\n\t\t<a title=\"\ud83d\ude11\" class=\"gwolle_gb_emoji_34 noslimstat\">\ud83d\ude11<\/a>\n\t\t<a title=\"\ud83d\udc72\" class=\"gwolle_gb_emoji_35 noslimstat\">\ud83d\udc72<\/a>\n\t\t<a title=\"\ud83d\udc6e\" class=\"gwolle_gb_emoji_36 noslimstat\">\ud83d\udc6e<\/a>\n\t\t<a title=\"\ud83d\udc82\" class=\"gwolle_gb_emoji_37 noslimstat\">\ud83d\udc82<\/a>\n\t\t<a title=\"\ud83d\udc76\" class=\"gwolle_gb_emoji_38 noslimstat\">\ud83d\udc76<\/a>\n\t\t<a title=\"\u2764\" class=\"gwolle_gb_emoji_39 noslimstat\">\u2764<\/a>\n\t\t<a title=\"\ud83d\udc94\" class=\"gwolle_gb_emoji_40 noslimstat\">\ud83d\udc94<\/a>\n\t\t<a title=\"\ud83d\udc95\" class=\"gwolle_gb_emoji_41 noslimstat\">\ud83d\udc95<\/a>\n\t\t<a title=\"\ud83d\udc98\" class=\"gwolle_gb_emoji_42 noslimstat\">\ud83d\udc98<\/a>\n\t\t<a title=\"\ud83d\udc8c\" class=\"gwolle_gb_emoji_43 noslimstat\">\ud83d\udc8c<\/a>\n\t\t<a title=\"\ud83d\udc8b\" class=\"gwolle_gb_emoji_44 noslimstat\">\ud83d\udc8b<\/a>\n\t\t<a title=\"\ud83c\udf81\" class=\"gwolle_gb_emoji_45 noslimstat\">\ud83c\udf81<\/a>\n\t\t<a title=\"\ud83d\udcb0\" class=\"gwolle_gb_emoji_46 noslimstat\">\ud83d\udcb0<\/a>\n\t\t<a title=\"\ud83d\udc8d\" class=\"gwolle_gb_emoji_47 noslimstat\">\ud83d\udc8d<\/a>\n\t\t<a title=\"\ud83d\udc4d\" class=\"gwolle_gb_emoji_48 noslimstat\">\ud83d\udc4d<\/a>\n\t\t<a title=\"\ud83d\udc4e\" class=\"gwolle_gb_emoji_49 noslimstat\">\ud83d\udc4e<\/a>\n\t\t<a title=\"\ud83d\udc4c\" class=\"gwolle_gb_emoji_50 noslimstat\">\ud83d\udc4c<\/a>\n\t\t<a title=\"\u270c\ufe0f\" class=\"gwolle_gb_emoji_51 noslimstat\">\u270c\ufe0f<\/a>\n\t\t<a title=\"\ud83e\udd18\ufe0f\" class=\"gwolle_gb_emoji_52 noslimstat\">\ud83e\udd18<\/a>\n\t\t<a title=\"\ud83d\udc4f\" class=\"gwolle_gb_emoji_53 noslimstat\">\ud83d\udc4f<\/a>\n\t\t<a title=\"\ud83c\udfb5\" class=\"gwolle_gb_emoji_54 noslimstat\">\ud83c\udfb5<\/a>\n\t\t<a title=\"\u2615\ufe0f\" class=\"gwolle_gb_emoji_55 noslimstat\">\u2615\ufe0f<\/a>\n\t\t<a title=\"\ud83c\udf75\" class=\"gwolle_gb_emoji_56 noslimstat\">\ud83c\udf75<\/a>\n\t\t<a title=\"\ud83c\udf7a\" class=\"gwolle_gb_emoji_57 noslimstat\">\ud83c\udf7a<\/a>\n\t\t<a title=\"\ud83c\udf77\" class=\"gwolle_gb_emoji_58 noslimstat\">\ud83c\udf77<\/a>\n\t\t<a title=\"\ud83c\udf7c\" class=\"gwolle_gb_emoji_59 noslimstat\">\ud83c\udf7c<\/a>\n\t\t<a title=\"\u2600\ufe0f\" class=\"gwolle_gb_emoji_60 noslimstat\">\u2600\ufe0f<\/a>\n\t\t<a title=\"\ud83c\udf24\" class=\"gwolle_gb_emoji_61 noslimstat\">\ud83c\udf24<\/a>\n\t\t<a title=\"\ud83c\udf26\" class=\"gwolle_gb_emoji_62 noslimstat\">\ud83c\udf26<\/a>\n\t\t<a title=\"\ud83c\udf27\" class=\"gwolle_gb_emoji_63 noslimstat\">\ud83c\udf27<\/a>\n\t\t<a title=\"\ud83c\udf1c\" class=\"gwolle_gb_emoji_64 noslimstat\">\ud83c\udf1c<\/a>\n\t\t<a title=\"\ud83c\udf08\" class=\"gwolle_gb_emoji_65 noslimstat\">\ud83c\udf08<\/a>\n\t\t<a title=\"\ud83c\udfdd\" class=\"gwolle_gb_emoji_66 noslimstat\">\ud83c\udfdd<\/a>\n\t\t<a title=\"\ud83c\udf85\" class=\"gwolle_gb_emoji_67 noslimstat\">\ud83c\udf85<\/a>\n\t\t<\/div><\/div>\n\t\t\t\t\t<div class=\"clearBoth\">&nbsp;<\/div>\n\t\t\t\t<\/div><input type=\"hidden\" class=\"gwolle_gb_19feb3d9da504fded33e1b76aa1d73af\" name=\"gwolle_gb_19feb3d9da504fded33e1b76aa1d73af\" value=\"78ef74403f\" \/>\n\t\t\t<div class=\"gwolle_gb_messages_bottom_container\"><\/div>\n\n\t\t\t<noscript><div class=\"no-js\">Avertissement\u00a0: Ce formulaire ne peut \u00eatre utilis\u00e9 que si JavaScript est activ\u00e9 dans votre navigateur.<\/div><\/noscript>\n\n\t\t\t<div class=\"gwolle_gb_submit\">\n\t\t\t\t<div class=\"label gwolle-gb-invisible text-muted\">&nbsp;<\/div>\n\t\t\t\t<div class=\"input\">\n\t\t\t\t\t<input type=\"submit\" name=\"gwolle_gb_submit\" class=\"gwolle_gb_submit button btn btn-primary \" value=\"Envoyer\" \/>\n\t\t\t\t\t<span class=\"gwolle_gb_submit_ajax_icon\"><\/span>\n\t\t\t\n\t\t\t\t<\/div>\n\t\t\t\t<div class=\"clearBoth\">&nbsp;<\/div>\n\t\t\t<\/div>\n\n\t\t\t<div class=\"gwolle_gb_notice\">\n\t\t\t\tLes champs marqu\u00e9s avec un * sont obligatoires.<br \/>\r\nVotre adresse e-mail ne sera pas publi\u00e9e.<br \/>\r\nIl se pourrait que votre message n\u2019apparaisse dans le livre d\u2019or qu\u2019apr\u00e8s que nous l\u2019ayons v\u00e9rifi\u00e9.<br \/>\r\nNous nous r\u00e9servons le droit de modifier, de supprimer, ou de ne pas publier les messages.\n\t\t\t<\/div><\/form><div class=\"gwolle-gb-read gwolle-gb-ajax gwolle-gb-entries-list\" data-book_id=\"1\" data-page_id=\"1\">\n\t\t<div id=\"gwolle-gb-total\" class=\"gwolle-gb-total\">10 messages.<\/div><!-- Gwolle-GB Entry: Default Template Loaded -->\n\t\t\t\t<div class=\"gb-entry gb-entry_13 gb-entry-count_1 gwolle_gb_uneven gwolle-gb-uneven gwolle-gb-first\" data-entry_id=\"13\">\n\t\t\t\t<article>\n\t\t\t\t\t<div class=\"gb-author-info\">\n\t\t\t\t\t\t<span class=\"gb-author-name\">Christelle Poupart\n\t\t\t\t\t\t<\/span>\n\t\t\t\t\t\t<span class=\"gb-author-origin\">\n\t\t\t\t\t\t\t<span class=\"gb-author-origin-from-text\"> de<\/span>\n\t\t\t\t\t\t\t<span class=\"gb-author-origin-text\"> Louisfert<\/span>\n\t\t\t\t\t\t<\/span>\n\t\t\t\t\t\t<span class=\"gb-datetime\">\n\t\t\t\t\t\t\t<span class=\"gb-date\"><span class=\"gb-date-wrote-text\"> a \u00e9crit le<\/span><span class=\"gb-date-text\"> 28 juin 2022<\/span>\n\t\t\t\t\t\t\t<\/span><span class=\"gb-time\">\n\t\t\t\t\t\t\t\t\t<span class=\"gb-time-at-text\"> \u00e0<\/span>\n\t\t\t\t\t\t\t\t\t<span class=\"gb-time-text\"> 19h42<\/span>\n\t\t\t\t\t\t\t\t<\/span>\n\t\t\t\t\t\t<\/span> \n\t\t\t\t\t<\/div>\n\t\t\t\t\t<div class=\"gb-entry-content\">Nous avons choisi Nokturnes pour le Gala de natation artistique de Ch\u00e2teaubriant. Une premi\u00e8re pour eux, le d\u00e9fi a \u00e9t\u00e9 relev\u00e9. Merci beaucoup et \u00e0 l&#039;ann\u00e9e prochaine\n\t\t\t\t\t<\/div>\n\t\t\t\t<\/article>\n\t\t\t<\/div>\n\t\t\t<div class=\"gb-entry gb-entry_12 gb-entry-count_2 gwolle_gb_even gwolle-gb-even\" data-entry_id=\"12\">\n\t\t\t\t<article>\n\t\t\t\t\t<div class=\"gb-author-info\">\n\t\t\t\t\t\t<span class=\"gb-author-name\">Fabien Corbet\n\t\t\t\t\t\t<\/span>\n\t\t\t\t\t\t<span class=\"gb-author-origin\">\n\t\t\t\t\t\t\t<span class=\"gb-author-origin-from-text\"> de<\/span>\n\t\t\t\t\t\t\t<span class=\"gb-author-origin-text\"> Oudon<\/span>\n\t\t\t\t\t\t<\/span>\n\t\t\t\t\t\t<span class=\"gb-datetime\">\n\t\t\t\t\t\t\t<span class=\"gb-date\"><span class=\"gb-date-wrote-text\"> a \u00e9crit le<\/span><span class=\"gb-date-text\"> 22 juin 2022<\/span>\n\t\t\t\t\t\t\t<\/span><span class=\"gb-time\">\n\t\t\t\t\t\t\t\t\t<span class=\"gb-time-at-text\"> \u00e0<\/span>\n\t\t\t\t\t\t\t\t\t<span class=\"gb-time-text\"> 11h05<\/span>\n\t\t\t\t\t\t\t\t<\/span>\n\t\t\t\t\t\t<\/span> \n\t\t\t\t\t<\/div>\n\t\t\t\t\t<div class=\"gb-entry-content\">Merci \u00e0 Nokturnes pour la prestation  lors de la f\u00eate de la musique d\u2019Oudon. Tr\u00e8s bonne organisation malgr\u00e9 des conditions m\u00e9t\u00e9o caniculaires . A recommander vivement!!!\r\n5\/5\n\t\t\t\t\t<\/div>\n\t\t\t\t<\/article>\n\t\t\t<\/div>\n\t\t\t<div class=\"gb-entry gb-entry_11 gb-entry-count_3 gwolle_gb_uneven gwolle-gb-uneven\" data-entry_id=\"11\">\n\t\t\t\t<article>\n\t\t\t\t\t<div class=\"gb-author-info\">\n\t\t\t\t\t\t<span class=\"gb-author-name\">Manon C.\n\t\t\t\t\t\t<\/span>\n\t\t\t\t\t\t<span class=\"gb-author-origin\">\n\t\t\t\t\t\t\t<span class=\"gb-author-origin-from-text\"> de<\/span>\n\t\t\t\t\t\t\t<span class=\"gb-author-origin-text\"> Vayres<\/span>\n\t\t\t\t\t\t<\/span>\n\t\t\t\t\t\t<span class=\"gb-datetime\">\n\t\t\t\t\t\t\t<span class=\"gb-date\"><span class=\"gb-date-wrote-text\"> a \u00e9crit le<\/span><span class=\"gb-date-text\"> 2 mai 2022<\/span>\n\t\t\t\t\t\t\t<\/span><span class=\"gb-time\">\n\t\t\t\t\t\t\t\t\t<span class=\"gb-time-at-text\"> \u00e0<\/span>\n\t\t\t\t\t\t\t\t\t<span class=\"gb-time-text\"> 7h40<\/span>\n\t\t\t\t\t\t\t\t<\/span>\n\t\t\t\t\t\t<\/span> \n\t\t\t\t\t<\/div>\n\t\t\t\t\t<div class=\"gb-entry-content\">Kevin et Antonin ont anim\u00e9 notre mariage en avril 2022. C&#039;est un duo compl\u00e9mentaire qui a particip\u00e9 amplement \u00e0 la r\u00e9ussite de cet \u00e9v\u00e8nement important pour nous. \r\nIls sont tr\u00e8s sympathiques et \u00e0 l&#039;\u00e9coute. \r\nNous avons \u00e9norm\u00e9ment appr\u00e9ci\u00e9 cette collaboration \r\nMerci \u00e0 eux !\n\t\t\t\t\t<\/div>\n\t\t\t\t<\/article>\n\t\t\t<\/div>\n\t\t\t<div class=\"gb-entry gb-entry_8 gb-entry-count_4 gwolle_gb_even gwolle-gb-even\" data-entry_id=\"8\">\n\t\t\t\t<article>\n\t\t\t\t\t<div class=\"gb-author-info\">\n\t\t\t\t\t\t<span class=\"gb-author-name\">Lohan G.\n\t\t\t\t\t\t<\/span>\n\t\t\t\t\t\t<span class=\"gb-author-origin\">\n\t\t\t\t\t\t\t<span class=\"gb-author-origin-from-text\"> de<\/span>\n\t\t\t\t\t\t\t<span class=\"gb-author-origin-text\"> Carquefou<\/span>\n\t\t\t\t\t\t<\/span>\n\t\t\t\t\t\t<span class=\"gb-datetime\">\n\t\t\t\t\t\t\t<span class=\"gb-date\"><span class=\"gb-date-wrote-text\"> a \u00e9crit le<\/span><span class=\"gb-date-text\"> 3 juillet 2021<\/span>\n\t\t\t\t\t\t\t<\/span><span class=\"gb-time\">\n\t\t\t\t\t\t\t\t\t<span class=\"gb-time-at-text\"> \u00e0<\/span>\n\t\t\t\t\t\t\t\t\t<span class=\"gb-time-text\"> 11h27<\/span>\n\t\t\t\t\t\t\t\t<\/span>\n\t\t\t\t\t\t<\/span> \n\t\t\t\t\t<\/div>\n\t\t\t\t\t<div class=\"gb-entry-content\">J&#039;ai assist\u00e9 \u00e0 plusieurs prestations de nokturnes. Des soir\u00e9es toujours bien g\u00e9r\u00e9es ! On sent qu&#039;il y a du travail de pr\u00e9par\u00e9 en amont pour la concordance  des jeux de lumi\u00e8res et du son.\nJe recommande fortement et ils sont super gentil.\n\t\t\t\t\t<\/div>\n\t\t\t\t<\/article>\n\t\t\t<\/div>\n\t\t\t<div class=\"gb-entry gb-entry_6 gb-entry-count_5 gwolle_gb_uneven gwolle-gb-uneven\" data-entry_id=\"6\">\n\t\t\t\t<article>\n\t\t\t\t\t<div class=\"gb-author-info\">\n\t\t\t\t\t\t<span class=\"gb-author-name\">Kevin L.\n\t\t\t\t\t\t<\/span>\n\t\t\t\t\t\t<span class=\"gb-author-origin\">\n\t\t\t\t\t\t\t<span class=\"gb-author-origin-from-text\"> de<\/span>\n\t\t\t\t\t\t\t<span class=\"gb-author-origin-text\"> Brest<\/span>\n\t\t\t\t\t\t<\/span>\n\t\t\t\t\t\t<span class=\"gb-datetime\">\n\t\t\t\t\t\t\t<span class=\"gb-date\"><span class=\"gb-date-wrote-text\"> a \u00e9crit le<\/span><span class=\"gb-date-text\"> 22 juin 2020<\/span>\n\t\t\t\t\t\t\t<\/span><span class=\"gb-time\">\n\t\t\t\t\t\t\t\t\t<span class=\"gb-time-at-text\"> \u00e0<\/span>\n\t\t\t\t\t\t\t\t\t<span class=\"gb-time-text\"> 19h31<\/span>\n\t\t\t\t\t\t\t\t<\/span>\n\t\t\t\t\t\t<\/span> \n\t\t\t\t\t<\/div>\n\t\t\t\t\t<div class=\"gb-entry-content\">Ayant suivi Alan sur plusieurs \u00e9v\u00e9nements, la qualit\u00e9 de ses prestations et du mat\u00e9riel propos\u00e9 sont au rendez-vous. Tr\u00e8s a l&#039;\u00e9coute et attentif aux besoins de ses clients, Alan est un tr\u00e8s bon prestataire que je recommande les yeux ferm\u00e9s ?\n\t\t\t\t\t<\/div>\n\t\t\t\t<\/article>\n\t\t\t<\/div>\n\t\t\t<div class=\"gb-entry gb-entry_3 gb-entry-count_6 gwolle_gb_even gwolle-gb-even\" data-entry_id=\"3\">\n\t\t\t\t<article>\n\t\t\t\t\t<div class=\"gb-author-info\">\n\t\t\t\t\t\t<span class=\"gb-author-name\"><i class=\"gb-moderator\">Sybille &amp; J\u00e9r\u00f4me<\/i>\n\t\t\t\t\t\t<\/span>\n\t\t\t\t\t\t<span class=\"gb-author-origin\">\n\t\t\t\t\t\t\t<span class=\"gb-author-origin-from-text\"> de<\/span>\n\t\t\t\t\t\t\t<span class=\"gb-author-origin-text\"> Anetz<\/span>\n\t\t\t\t\t\t<\/span>\n\t\t\t\t\t\t<span class=\"gb-datetime\">\n\t\t\t\t\t\t\t<span class=\"gb-date\"><span class=\"gb-date-wrote-text\"> a \u00e9crit le<\/span><span class=\"gb-date-text\"> 18 ao\u00fbt 2018<\/span>\n\t\t\t\t\t\t\t<\/span><span class=\"gb-time\">\n\t\t\t\t\t\t\t\t\t<span class=\"gb-time-at-text\"> \u00e0<\/span>\n\t\t\t\t\t\t\t\t\t<span class=\"gb-time-text\"> 18h23<\/span>\n\t\t\t\t\t\t\t\t<\/span>\n\t\t\t\t\t\t<\/span> \n\t\t\t\t\t<\/div>\n\t\t\t\t\t<div class=\"gb-entry-content\">Duo extr\u00eamement disponible, tr\u00e8s \u00e0 l&#039;\u00e9coute, tr\u00e8s disponible, r\u00e9actif et qui a le soucis de toujours bien faire. Nous recommandons LES YEUX FERMES. Sybille &amp; J\u00e9r\u00f4me\n\t\t\t\t\t<\/div>\n\t\t\t\t<\/article>\n\t\t\t<\/div>\n\t\t\t<div class=\"gb-entry gb-entry_1 gb-entry-count_7 gwolle_gb_uneven gwolle-gb-uneven\" data-entry_id=\"1\">\n\t\t\t\t<article>\n\t\t\t\t\t<div class=\"gb-author-info\">\n\t\t\t\t\t\t<span class=\"gb-author-name\"><i class=\"gb-moderator\">Sandrine R.<\/i>\n\t\t\t\t\t\t<\/span>\n\t\t\t\t\t\t<span class=\"gb-author-origin\">\n\t\t\t\t\t\t\t<span class=\"gb-author-origin-from-text\"> de<\/span>\n\t\t\t\t\t\t\t<span class=\"gb-author-origin-text\"> Varades<\/span>\n\t\t\t\t\t\t<\/span>\n\t\t\t\t\t\t<span class=\"gb-datetime\">\n\t\t\t\t\t\t\t<span class=\"gb-date\"><span class=\"gb-date-wrote-text\"> a \u00e9crit le<\/span><span class=\"gb-date-text\"> 10 ao\u00fbt 2018<\/span>\n\t\t\t\t\t\t\t<\/span><span class=\"gb-time\">\n\t\t\t\t\t\t\t\t\t<span class=\"gb-time-at-text\"> \u00e0<\/span>\n\t\t\t\t\t\t\t\t\t<span class=\"gb-time-text\"> 18h23<\/span>\n\t\t\t\t\t\t\t\t<\/span>\n\t\t\t\t\t\t<\/span> \n\t\t\t\t\t<\/div>\n\t\t\t\t\t<div class=\"gb-entry-content\">Ils forment une \u00e9quipe au top, \u00e0 l&#039;\u00e9coute et tr\u00e8s pro. \u00e0 recommander sans h\u00e9sitation. j&#039;ai des cartes de visite pour ceux qui seraient int\u00e9ress\u00e9s ?\n\t\t\t\t\t<\/div>\n\t\t\t\t<\/article>\n\t\t\t<\/div>\n\t\t\t<div class=\"gb-entry gb-entry_4 gb-entry-count_8 gwolle_gb_even gwolle-gb-even\" data-entry_id=\"4\">\n\t\t\t\t<article>\n\t\t\t\t\t<div class=\"gb-author-info\">\n\t\t\t\t\t\t<span class=\"gb-author-name\"><i class=\"gb-moderator\">Laure LF<\/i>\n\t\t\t\t\t\t<\/span>\n\t\t\t\t\t\t<span class=\"gb-author-origin\">\n\t\t\t\t\t\t\t<span class=\"gb-author-origin-from-text\"> de<\/span>\n\t\t\t\t\t\t\t<span class=\"gb-author-origin-text\"> Varades<\/span>\n\t\t\t\t\t\t<\/span>\n\t\t\t\t\t\t<span class=\"gb-datetime\">\n\t\t\t\t\t\t\t<span class=\"gb-date\"><span class=\"gb-date-wrote-text\"> a \u00e9crit le<\/span><span class=\"gb-date-text\"> 25 f\u00e9vrier 2018<\/span>\n\t\t\t\t\t\t\t<\/span><span class=\"gb-time\">\n\t\t\t\t\t\t\t\t\t<span class=\"gb-time-at-text\"> \u00e0<\/span>\n\t\t\t\t\t\t\t\t\t<span class=\"gb-time-text\"> 18h23<\/span>\n\t\t\t\t\t\t\t\t<\/span>\n\t\t\t\t\t\t<\/span> \n\t\t\t\t\t<\/div>\n\t\t\t\t\t<div class=\"gb-entry-content\"><strong><i>5\/5 \u00c9toiles<\/i><\/strong>\n\t\t\t\t\t<\/div>\n\t\t\t\t<\/article>\n\t\t\t<\/div>\n\t\t\t<div class=\"gb-entry gb-entry_5 gb-entry-count_9 gwolle_gb_uneven gwolle-gb-uneven\" data-entry_id=\"5\">\n\t\t\t\t<article>\n\t\t\t\t\t<div class=\"gb-author-info\">\n\t\t\t\t\t\t<span class=\"gb-author-name\">Laura M.\n\t\t\t\t\t\t<\/span>\n\t\t\t\t\t\t<span class=\"gb-author-origin\">\n\t\t\t\t\t\t\t<span class=\"gb-author-origin-from-text\"> de<\/span>\n\t\t\t\t\t\t\t<span class=\"gb-author-origin-text\"> Varades<\/span>\n\t\t\t\t\t\t<\/span>\n\t\t\t\t\t\t<span class=\"gb-datetime\">\n\t\t\t\t\t\t\t<span class=\"gb-date\"><span class=\"gb-date-wrote-text\"> a \u00e9crit le<\/span><span class=\"gb-date-text\"> 19 f\u00e9vrier 2018<\/span>\n\t\t\t\t\t\t\t<\/span><span class=\"gb-time\">\n\t\t\t\t\t\t\t\t\t<span class=\"gb-time-at-text\"> \u00e0<\/span>\n\t\t\t\t\t\t\t\t\t<span class=\"gb-time-text\"> 18h23<\/span>\n\t\t\t\t\t\t\t\t<\/span>\n\t\t\t\t\t\t<\/span> \n\t\t\t\t\t<\/div>\n\t\t\t\t\t<div class=\"gb-entry-content\"><strong><i>5\/5 \u00c9toiles<\/i><\/strong>\n\t\t\t\t\t<\/div>\n\t\t\t\t<\/article>\n\t\t\t<\/div>\n\t\t\t<div class=\"gb-entry gb-entry_2 gb-entry-count_10 gwolle_gb_even gwolle-gb-even\" data-entry_id=\"2\">\n\t\t\t\t<article>\n\t\t\t\t\t<div class=\"gb-author-info\">\n\t\t\t\t\t\t<span class=\"gb-author-name\"><i class=\"gb-moderator\">Mickael F.<\/i>\n\t\t\t\t\t\t<\/span>\n\t\t\t\t\t\t<span class=\"gb-author-origin\">\n\t\t\t\t\t\t\t<span class=\"gb-author-origin-from-text\"> de<\/span>\n\t\t\t\t\t\t\t<span class=\"gb-author-origin-text\"> Varades<\/span>\n\t\t\t\t\t\t<\/span>\n\t\t\t\t\t\t<span class=\"gb-datetime\">\n\t\t\t\t\t\t\t<span class=\"gb-date\"><span class=\"gb-date-wrote-text\"> a \u00e9crit le<\/span><span class=\"gb-date-text\"> 18 f\u00e9vrier 2018<\/span>\n\t\t\t\t\t\t\t<\/span><span class=\"gb-time\">\n\t\t\t\t\t\t\t\t\t<span class=\"gb-time-at-text\"> \u00e0<\/span>\n\t\t\t\t\t\t\t\t\t<span class=\"gb-time-text\"> 18h23<\/span>\n\t\t\t\t\t\t\t\t<\/span>\n\t\t\t\t\t\t<\/span> \n\t\t\t\t\t<\/div>\n\t\t\t\t\t<div class=\"gb-entry-content\">Ils ont assur\u00e9 la prestation lors de notre mariage. Tout \u00e9tait parfait, de la pr\u00e9paration \u00e0 l&#039;animation le jour J. Merci encore pour ce que vous avez fait.\r\n\r\n<strong><i>5\/5 \u00c9toiles<\/i><\/strong>\n\t\t\t\t\t<\/div>\n\t\t\t\t<\/article>\n\t\t\t<\/div>\n\t\t\t<\/div><\/div>\n","protected":false},"excerpt":{"rendered":"","protected":false},"author":1,"featured_media":0,"parent":0,"menu_order":0,"comment_status":"closed","ping_status":"closed","template":"","meta":{"footnotes":""},"class_list":["post-138","page","type-page","status-publish"],"_links":{"self":[{"href":"https:\/\/developpement.nokturnes.fr\/index.php?rest_route=\/wp\/v2\/pages\/138","targetHints":{"allow":["GET"]}}],"collection":[{"href":"https:\/\/developpement.nokturnes.fr\/index.php?rest_route=\/wp\/v2\/pages"}],"about":[{"href":"https:\/\/developpement.nokturnes.fr\/index.php?rest_route=\/wp\/v2\/types\/page"}],"author":[{"embeddable":true,"href":"https:\/\/developpement.nokturnes.fr\/index.php?rest_route=\/wp\/v2\/users\/1"}],"replies":[{"embeddable":true,"href":"https:\/\/developpement.nokturnes.fr\/index.php?rest_route=%2Fwp%2Fv2%2Fcomments&post=138"}],"version-history":[{"count":1,"href":"https:\/\/developpement.nokturnes.fr\/index.php?rest_route=\/wp\/v2\/pages\/138\/revisions"}],"predecessor-version":[{"id":139,"href":"https:\/\/developpement.nokturnes.fr\/index.php?rest_route=\/wp\/v2\/pages\/138\/revisions\/139"}],"wp:attachment":[{"href":"https:\/\/developpement.nokturnes.fr\/index.php?rest_route=%2Fwp%2Fv2%2Fmedia&parent=138"}],"curies":[{"name":"wp","href":"https:\/\/api.w.org\/{rel}","templated":true}]}}