{"id":82,"date":"2022-05-31T20:40:26","date_gmt":"2022-05-31T18:40:26","guid":{"rendered":"http:\/\/developpement.nokturnes.fr\/?page_id=82"},"modified":"2022-10-26T22:32:45","modified_gmt":"2022-10-26T20:32:45","slug":"mariage","status":"publish","type":"page","link":"https:\/\/developpement.nokturnes.fr\/?page_id=82","title":{"rendered":"Mariage"},"content":{"rendered":"\n<div class=\"wp-block-columns is-layout-flex wp-container-core-columns-is-layout-9d6595d7 wp-block-columns-is-layout-flex\">\n<div class=\"wp-block-column is-layout-flow wp-block-column-is-layout-flow\" style=\"flex-basis:66.66%\">\n<p>Pour c\u00e9l\u00e9brer votre \u00e9v\u00e9nement, nous mettons tout en oeuvre pour que celui-ci soit personnalis\u00e9, et inoubliable.<\/p>\n\n\n\n<p>En amont :<\/p>\n\n\n\n<p>\u2022 Pr\u00e9paration de votre c\u00e9l\u00e9bration selon vos souhaits.<br>\u2022 Plusieurs rendez-vous de pr\u00e9paration vous sont propos\u00e9s \u00e0 votre domicile et\/ou sur le lieu de la r\u00e9ception.<br>\u2022Libre choix des titres musicaux pour le repas, le bal et les diff\u00e9rents temps forts (entr\u00e9e des mari\u00e9s, dessert, fontaine \u00e0 champagne, ouverture de bal\u2026).<br>\u2022 Organisation des animations avec vos proches.<\/p>\n\n\n\n<p>Le jour J :<\/p>\n\n\n\n<p>\u2022 Sonorisation de votre c\u00e9r\u00e9monie et du cocktail.<br>\u2022 Mise en valeur de votre salle de r\u00e9ception et du bal avec effets visuels.<br>\u2022 Sonorisation du repas avec micros, vid\u00e9o projecteur et \u00e9cran de projection, collaboration avec vos proches et les diff\u00e9rents prestataires quant aux animations pr\u00e9par\u00e9es.<br>\u2022 Sonorisation et mise en lumi\u00e8re de votre bal et des temps forts (fontaine \u00e0 champagne, dessert, ouverture du bal\u2026) avec les diff\u00e9rents effets pr\u00e9alablement d\u00e9finis.<\/p>\n<\/div>\n\n\n\n<div class=\"wp-block-column is-layout-flow wp-block-column-is-layout-flow\" style=\"flex-basis:33.33%\"><div id=\"metaslider-id-204\" style=\"max-width: 600px;\" class=\"ml-slider-3-90-1 metaslider metaslider-coin metaslider-204 ml-slider ms-theme-default\" role=\"region\" aria-roledescription=\"Slideshow\" aria-label=\"Mariage\">\n    <div id=\"metaslider_container_204\">\n        <div id='metaslider_204' class='coin-slider'>\n<a href=\"javascript:void(0)\" target=\"_self\"><img loading=\"lazy\" decoding=\"async\" src=\"https:\/\/developpement.nokturnes.fr\/wp-content\/uploads\/2022\/10\/Copie-de-Disposition-en-totems-Mariage-Chateau-de-Vair-020619-1024x576-1-600x300.jpg\" height=\"300\" width=\"600\" alt=\"\" class=\"slider-204 slide-207\" title=\"Copie-de-Disposition-en-totems-Mariage-Chateau-de-Vair-020619-1024x576-1\" style=\"display: none;\" \/><span>Ch\u00e2teau de Vair \u2013 Vair sur Loire (44)<\/span><\/a>\n<a href=\"javascript:void(0)\" target=\"_self\"><img loading=\"lazy\" decoding=\"async\" src=\"https:\/\/developpement.nokturnes.fr\/wp-content\/uploads\/2022\/10\/DSC_6755-768x511-1-600x300.jpg\" height=\"300\" width=\"600\" alt=\"\" class=\"slider-204 slide-209\" title=\"DSC_6755-768x511-1\" style=\"display: none;\" \/><span>Ch\u00e2teau de Goulaine \u2013 Haute Goulaine (44)<\/span><\/a>\n<a href=\"javascript:void(0)\" target=\"_self\"><img loading=\"lazy\" decoding=\"async\" src=\"https:\/\/developpement.nokturnes.fr\/wp-content\/uploads\/2022\/10\/DSC_0026-1024x576-1-600x300.jpg\" height=\"300\" width=\"600\" alt=\"\" class=\"slider-204 slide-211\" title=\"DSC_0026-1024x576-1\" style=\"display: none;\" \/><span>Ch\u00e2teau de Vair \u2013 Vair sur Loire (44)<\/span><\/a>\n        <\/div>\n        \n    <\/div>\n<\/div>\n<\/div>\n<\/div>\n","protected":false},"excerpt":{"rendered":"<p>Pour c\u00e9l\u00e9brer votre \u00e9v\u00e9nement, nous mettons tout en oeuvre pour que celui-ci soit personnalis\u00e9, et inoubliable. En amont : \u2022 Pr\u00e9paration de votre c\u00e9l\u00e9bration selon vos souhaits.\u2022 Plusieurs rendez-vous de pr\u00e9paration vous sont propos\u00e9s \u00e0 votre domicile et\/ou sur le lieu de la r\u00e9ception.\u2022Libre choix des titres musicaux pour le repas, le bal et les &#8230; <a title=\"Mariage\" class=\"read-more\" href=\"https:\/\/developpement.nokturnes.fr\/?page_id=82\" aria-label=\"Read more about Mariage\">Lire la suite<\/a><\/p>\n","protected":false},"author":1,"featured_media":0,"parent":0,"menu_order":0,"comment_status":"closed","ping_status":"closed","template":"","meta":{"footnotes":""},"class_list":["post-82","page","type-page","status-publish"],"_links":{"self":[{"href":"https:\/\/developpement.nokturnes.fr\/index.php?rest_route=\/wp\/v2\/pages\/82","targetHints":{"allow":["GET"]}}],"collection":[{"href":"https:\/\/developpement.nokturnes.fr\/index.php?rest_route=\/wp\/v2\/pages"}],"about":[{"href":"https:\/\/developpement.nokturnes.fr\/index.php?rest_route=\/wp\/v2\/types\/page"}],"author":[{"embeddable":true,"href":"https:\/\/developpement.nokturnes.fr\/index.php?rest_route=\/wp\/v2\/users\/1"}],"replies":[{"embeddable":true,"href":"https:\/\/developpement.nokturnes.fr\/index.php?rest_route=%2Fwp%2Fv2%2Fcomments&post=82"}],"version-history":[{"count":2,"href":"https:\/\/developpement.nokturnes.fr\/index.php?rest_route=\/wp\/v2\/pages\/82\/revisions"}],"predecessor-version":[{"id":205,"href":"https:\/\/developpement.nokturnes.fr\/index.php?rest_route=\/wp\/v2\/pages\/82\/revisions\/205"}],"wp:attachment":[{"href":"https:\/\/developpement.nokturnes.fr\/index.php?rest_route=%2Fwp%2Fv2%2Fmedia&parent=82"}],"curies":[{"name":"wp","href":"https:\/\/api.w.org\/{rel}","templated":true}]}}